{"id":33,"date":"2025-03-05T18:06:17","date_gmt":"2025-03-05T17:06:17","guid":{"rendered":"https:\/\/www.ulli-reinders.de\/?page_id=33"},"modified":"2025-03-05T18:06:17","modified_gmt":"2025-03-05T17:06:17","slug":"ueber-mich","status":"publish","type":"page","link":"https:\/\/www.ulli-reinders.de\/?page_id=33","title":{"rendered":"\u00dcber mich"},"content":{"rendered":"<h2>Hallo,<\/h2>\n<h3>mein Name ist Ulli Reinders<\/h3>\n<p>Abseits meiner beruflichen T\u00e4tigkeit bet\u00e4tige ich mich ganz gerne als Hobbyfotograf.<br \/>\nDabei mache ich immer wieder vor allem Fotos von der Eisenbahn (G\u00fcterz\u00fcge, Triebfahrzeuge usw. Aber auch von der n\u00e4heren Umgebung, Natur und Tiere, sowie Geb\u00e4uden (u.a. auch Industriekultur).<\/p>\n<p>So rein pers\u00f6nlich bin ich eingefleischter SINGLE. (Geschieden seit 2000). Das Leben kann so sch\u00f6n sein, wenn man machen kann, was, wann und wie lange man will. Und wenn&#8217;s nur Schlafen ist&#8230;<\/p>\n<p>Ansonsten liegen meine Interessen im Gaming-Bereich &#8211; vor allem Simulationen, aber auch mal ein bisschen Flippern oder ZUMA -, Blogging, sowie Webdesign und Grafikdesign.<\/p>\n<p>Die hier von mir eingestellten Fotografien stelle ich zur freien Verf\u00fcgung bereit (<a href=\"https:\/\/de.wikipedia.org\/wiki\/Creative_Commons\" target=\"_New\">Creative Commons<\/a>). Einzige Bestimmung ist die, dass ich es nicht erlaube, diese Fotos auf Stockfoto-Plattformen wiederzuverwenden!! Ich denke, das sollte recht eindeutig sein \ud83d\ude09<\/p>\n<p>Meine Fotografien findest Du hier:<\/p>\n<p><a href=\"https:\/\/www.facebook.com\/UlliReinders\" target=\"_New\">Ulli&#8217;s Fotowelt bei Facebook<\/a><br \/>\n<a href=\"https:\/\/www.flickr.com\/photos\/197769685@N07\/\" target=\"_New\">Ulli&#8217;s Fotowelt bei Flickr<\/a><br \/>\n<a href=\"https:\/\/www.ulli-reinders.de\/\" target=\"_New\">www.ulli-reinders.de (Ulli&#8217;s Fotowelt)<\/a><br \/>\n<a href=\"https:\/\/www.instagram.com\/ulli_reinders\/\" target=\"_New\">Ulli Reinders bei Instagram<\/a><\/p>\n","protected":false},"excerpt":{"rendered":"<p>Hallo, mein Name ist Ulli Reinders Abseits meiner beruflichen T\u00e4tigkeit bet\u00e4tige ich mich ganz gerne als Hobbyfotograf. Dabei mache ich immer wieder vor allem Fotos von der Eisenbahn (G\u00fcterz\u00fcge, Triebfahrzeuge&hellip;<\/p>\n","protected":false},"author":1,"featured_media":0,"parent":0,"menu_order":0,"comment_status":"closed","ping_status":"closed","template":"","meta":{"pgc_sgb_lightbox_settings":"","footnotes":""},"class_list":["post-33","page","type-page","status-publish","hentry"],"_links":{"self":[{"href":"https:\/\/www.ulli-reinders.de\/index.php?rest_route=\/wp\/v2\/pages\/33","targetHints":{"allow":["GET"]}}],"collection":[{"href":"https:\/\/www.ulli-reinders.de\/index.php?rest_route=\/wp\/v2\/pages"}],"about":[{"href":"https:\/\/www.ulli-reinders.de\/index.php?rest_route=\/wp\/v2\/types\/page"}],"author":[{"embeddable":true,"href":"https:\/\/www.ulli-reinders.de\/index.php?rest_route=\/wp\/v2\/users\/1"}],"replies":[{"embeddable":true,"href":"https:\/\/www.ulli-reinders.de\/index.php?rest_route=%2Fwp%2Fv2%2Fcomments&post=33"}],"version-history":[{"count":2,"href":"https:\/\/www.ulli-reinders.de\/index.php?rest_route=\/wp\/v2\/pages\/33\/revisions"}],"predecessor-version":[{"id":308,"href":"https:\/\/www.ulli-reinders.de\/index.php?rest_route=\/wp\/v2\/pages\/33\/revisions\/308"}],"wp:attachment":[{"href":"https:\/\/www.ulli-reinders.de\/index.php?rest_route=%2Fwp%2Fv2%2Fmedia&parent=33"}],"curies":[{"name":"wp","href":"https:\/\/api.w.org\/{rel}","templated":true}]}}