{"id":3,"date":"2025-03-05T16:33:54","date_gmt":"2025-03-05T16:33:54","guid":{"rendered":"http:\/\/ulli-reinders.de\/?page_id=3"},"modified":"2025-03-05T18:16:08","modified_gmt":"2025-03-05T17:16:08","slug":"privacy-policy","status":"publish","type":"page","link":"https:\/\/www.ulli-reinders.de\/?page_id=3","title":{"rendered":"Datenschutzerkl\u00e4rung"},"content":{"rendered":"<p>Allgemeine Bedingungen (AGB) und Datenschutzerkl\u00e4rung<\/p>\n<p><b><font color=#ff0000>Das Angebot:<\/font><\/b><br \/>\nUlli&#8217;s Fotowelt steht jedem Benutzer frei zur Verf\u00fcgung, der sich an die folgenden Bedingungen h\u00e4lt und diese akzeptiert. Der Zugriff auf meine Services ist absolut kostenfrei (GRATIS) f\u00fcr alle frei erreichbaren Bereiche. Es enstehen keine Kosten, ohne dass der Benutzer ausdr\u00fccklich darauf hingewiesen wird.<\/p>\n<p><b><font color=#ff0000>Verlinkung:<\/font><\/b><br \/>\nKeine Seite meiner Angebote (<font color=#ff0000>mit Ausnahme der Startseiten meiner Angebote<\/font>), darf ohne schriftliche Erlaubnis direkt verlinkt werden. Ausgenommen von dieser Regelung sind Suchmaschineneintr\u00e4ge und die Verlinkung der Startseite dieses Angebotes mittels eines regul\u00e4ren Links. Generell untersagt ist die Verlinkung in einem Frame, bei dem ich als Autor und Urheber meiner Seiten nicht mehr erkennbar bin.<\/p>\n<p><b><font color=#ff0000>Haftungsausschluss:<\/font><\/b><br \/>\nDie Benutzung dieser Seiten erfolgt auf eigene Gefahr. Der Betreiber dieses Angebots \u00fcbernimmt keine Haftung f\u00fcr Sch\u00e4den die aufgrund der Anwendung der in diesem Angebot bereitgestellten Informationen, Tipps und Tricks, etc. entstehen, wenn keine grobe Fahrl\u00e4ssigkeit seitens des Autors vorliegt.<\/p>\n<p><b><font color=#ff0000>Externe Links:<\/font><\/b><br \/>\nBei den von mir gelegten Links handelt es sich um eine subjektive Auswahl von Verweisen auf Internetseiten Dritter. F\u00fcr den Inhalt dieser Seiten sind die jeweiligen Betreiber, Verfasser, bzw. Urheber selbst verantwortlich und haftbar. Von etwaigen illegalen, pers\u00f6nlichkeitsverletzenden, sowie moralisch oder ethisch anst\u00f6\u00dfigen Inhalten distanziere ich mich in aller Deutlichkeit. Bitte informieren Sie mich, wenn ich auf strafbare Inhalte verlinkt haben sollte!<\/p>\n<p>Bei &#8222;Links&#8220; handelt es sich allerdings stets um &#8222;lebende&#8220; (dynamische) Verweise. Der Autor hat bei der erstmaligen Verkn\u00fcpfung zwar den fremden Inhalt daraufhin \u00fcberpr\u00fcft, ob durch ihn eine m\u00f6gliche zivilrechtliche oder strafrechtliche Verantwortlichkeit ausgel\u00f6st wird. Er ist jedoch nicht dazu verpflichtet, die Inhalte, auf die in diesem Angebot verwiesen wird, st\u00e4ndig auf Ver\u00e4nderungen zu \u00fcberpr\u00fcfen, die eine Verantwortlichkeit neu begr\u00fcnden k\u00f6nnten. Erst wenn ich feststelle, oder von Anderen darauf hingewiesen werde, da\u00df ein konkretes Angebot, zu dem ich einen Link bereitgestellt habe, eine zivil- bzw. strafrechtliche Verantwortlichkeit ausl\u00f6st, werde ich den Link auf dieses Angebot aufheben, soweit dies technisch m\u00f6glich und zumutbar ist. Die technische M\u00f6glichkeit und Zumutbarkeit wird jedoch nicht dadurch beeinflu\u00dft, da\u00df auch nach Unterbindung des Zugriffs \u00fcber diese Homepage von anderen Servern aus auf das rechtswidrige oder strafbare Angebot zugegriffen werden kann.<\/p>\n<p><b><font color=#ff0000>Fehler:<\/font><\/b><br \/>\nWenn Du auf diesen Seiten einen Fehler (sei es ein Informationsfehler, Linkfehler, Rechtschreibfehler oder sonstige Fehler) entdeckt hast, informiere mich doch bitte umgehend via E-Mail, die Du bitte per Mailformular an <a href=\"javascript:NewWindow('https:\/\/www.rwbnet.de\/kontakt\/formmailer.php','contact','780','530','custom','front');\" onfocus=\"this.blur()\" target=\"_top\" onclick=\"if(this.blur) this.blur()\"><span class=anbtext>Ulli Reinders<\/A> sendest.<\/p>\n<p><b><font color=#ff0000>Datenschutzerkl\u00e4rung:<\/font><\/b><br \/>\nHier auf meinem Fotoblog gibt es keinerlei Cookies, Tracking oder Dergleichen. Hier ist auch kein Login f\u00fcr Besucher (sowie auch keine Account-Erstellung) m\u00f6glich.<br \/>\nSo ist es auch nicht m\u00f6glich, ganz gleich auf welche Art und Weise auch immer, Daten von Besuchern zu erheben, speichert oder sonst etwas damit anf\u00e4ngt. Dies ist schon seit der ersten Stunde der computer-ecke.com, Teil meiner Philosophie \u00fcber Dienste im Internet und dies wird auch noch immer so sein, wenn mein Fotoblog eines Tages von der Bildfl\u00e4che verschwindet!<\/p>\n<p>Hier werden Cookies oder Tracking lediglich durch Dritte (Google (Youtube) und doubleclick) erhoben bzw. durchgef\u00fchrt. Dies kommt durch das Einbetten von Videos von Youtube zustande. Doch von Seiten von ulli-reinders.de wird auch innerhalb meines Blog keinerlei Tracking durchgef\u00fchrt oder Cookies verwendet!<\/p>\n<p>\u00dcbrigens, der Counter auf dieser Website speichert lediglich, wie viele Besucher diese Website betreten.<\/p>\n","protected":false},"excerpt":{"rendered":"<p>Allgemeine Bedingungen (AGB) und Datenschutzerkl\u00e4rung Das Angebot: Ulli&#8217;s Fotowelt steht jedem Benutzer frei zur Verf\u00fcgung, der sich an die folgenden Bedingungen h\u00e4lt und diese akzeptiert. Der Zugriff auf meine Services&hellip;<\/p>\n","protected":false},"author":1,"featured_media":0,"parent":0,"menu_order":0,"comment_status":"closed","ping_status":"open","template":"","meta":{"pgc_sgb_lightbox_settings":"","footnotes":""},"class_list":["post-3","page","type-page","status-publish","hentry"],"_links":{"self":[{"href":"https:\/\/www.ulli-reinders.de\/index.php?rest_route=\/wp\/v2\/pages\/3","targetHints":{"allow":["GET"]}}],"collection":[{"href":"https:\/\/www.ulli-reinders.de\/index.php?rest_route=\/wp\/v2\/pages"}],"about":[{"href":"https:\/\/www.ulli-reinders.de\/index.php?rest_route=\/wp\/v2\/types\/page"}],"author":[{"embeddable":true,"href":"https:\/\/www.ulli-reinders.de\/index.php?rest_route=\/wp\/v2\/users\/1"}],"replies":[{"embeddable":true,"href":"https:\/\/www.ulli-reinders.de\/index.php?rest_route=%2Fwp%2Fv2%2Fcomments&post=3"}],"version-history":[{"count":3,"href":"https:\/\/www.ulli-reinders.de\/index.php?rest_route=\/wp\/v2\/pages\/3\/revisions"}],"predecessor-version":[{"id":37,"href":"https:\/\/www.ulli-reinders.de\/index.php?rest_route=\/wp\/v2\/pages\/3\/revisions\/37"}],"wp:attachment":[{"href":"https:\/\/www.ulli-reinders.de\/index.php?rest_route=%2Fwp%2Fv2%2Fmedia&parent=3"}],"curies":[{"name":"wp","href":"https:\/\/api.w.org\/{rel}","templated":true}]}}